{"id":15,"date":"2014-11-11T11:14:30","date_gmt":"2014-11-11T11:14:30","guid":{"rendered":"http:\/\/anpsthemes.com\/constructo\/?page_id=15"},"modified":"2021-06-15T14:00:02","modified_gmt":"2021-06-15T11:00:02","slug":"contact-us","status":"publish","type":"page","link":"https:\/\/www.ismetkaygisiz.com\/?page_id=15","title":{"rendered":"\u0130LET\u0130\u015e\u0130M"},"content":{"rendered":"<div class=\"wpb-content-wrapper\"><p>[vc_row css=&#8221;.vc_custom_1554987094610{margin-top: 30px !important;padding-bottom: 20px !important;}&#8221;][vc_column width=&#8221;1\/2&#8243;]<h4 class='heading-content  style-1' ><span>\u0130LET\u0130\u015e\u0130M<\/span><\/h4>[vc_empty_space height=&#8221;15px&#8221;][vc_column_text css_animation=&#8221;fadeInLeft&#8221;]<\/p>\n<p style=\"text-align: left;\"><strong>Uzm. Dr. \u0130smet KAYGISIZ<\/strong><\/p>\n<p><strong>Adres: <\/strong>KocaSinan Mahallesi Muammer Aksoy Caddesi T.C. Ziraat Bankas\u0131 Lojmanlar\u0131 F Blok No:25 Daire: 2 Merkez\/ED\u0130RNE (Onur Market Yan\u0131)<\/p>\n<p><strong>Tel:<\/strong> +90 552 661 31 22<\/p>\n<div class=\"kc-elm kc-css-656396 kc_row kc_row_inner\">\n<div class=\"kc-elm kc-css-145260 kc_col-sm-6 kc_column_inner kc_col-sm-6\">\n<div class=\"kc_wrapper kc-col-inner-container\">\n<div class=\"kc-elm kc-css-979858 kc_row kc_row_inner\">\n<div class=\"kc-elm kc-css-633299 kc_col-sm-10 kc_column_inner kc_col-sm-10\">\n<div class=\"kc_wrapper kc-col-inner-container\">\n<div class=\"kc-elm kc-css-40300 kc_text_block\">\n<p><strong>E-Mail:<\/strong> kaygisizismet59@gmail.com<\/p>\n<\/div>\n<\/div>\n<\/div>\n<\/div>\n<\/div>\n<\/div>\n<\/div>\n<div class=\"kc-elm kc-css-656396 kc_row kc_row_inner\">\n<div class=\"kc-elm kc-css-145260 kc_col-sm-6 kc_column_inner kc_col-sm-6\">\n<div class=\"kc_wrapper kc-col-inner-container\">\n<div class=\"kc-elm kc-css-979858 kc_row kc_row_inner\">\n<div class=\"kc-elm kc-css-633299 kc_col-sm-10 kc_column_inner kc_col-sm-10\">\n<div class=\"kc_wrapper kc-col-inner-container\">\n<div class=\"kc-elm kc-css-40300 kc_text_block\"><\/div>\n<\/div>\n<\/div>\n<\/div>\n<\/div>\n<\/div>\n<\/div>\n<p>[\/vc_column_text][\/vc_column][vc_column width=&#8221;1\/2&#8243;]<div class='map' id='map1' style='height: 300px;' data-type='ROADMAP' data-zoom='' data-scroll='true' data-icon='https:\/\/www.ismetkaygisiz.com\/wp-content\/themes\/constructo\/images\/gmap\/map-pin.png' data-address='Kocasinan mah, Muammer Aksoy Cd. 34. Sok, 22100 Edirne Merkez\/Edirne, T\u00fcrkiye'><\/div>[\/vc_column][\/vc_row][vc_row css=&#8221;.vc_custom_1418807519392{margin-top: 20px !important;}&#8221; has_content=&#8221;true&#8221;][vc_column]<h5 class='heading-content  style-1' ><span>MESAJINIZI G\u00d6NDER\u0130N<\/span><\/h5>[vc_empty_space height=&#8221;15px&#8221;]\n<div class=\"wpcf7 no-js\" id=\"wpcf7-f452-o1\" lang=\"en-US\" dir=\"ltr\">\n<div class=\"screen-reader-response\"><p role=\"status\" aria-live=\"polite\" aria-atomic=\"true\"><\/p> <ul><\/ul><\/div>\n<form action=\"\/index.php?rest_route=%2Fwp%2Fv2%2Fpages%2F15#wpcf7-f452-o1\" method=\"post\" class=\"wpcf7-form init\" aria-label=\"Contact form\" novalidate=\"novalidate\" data-status=\"init\">\n<div style=\"display: none;\">\n<input type=\"hidden\" name=\"_wpcf7\" value=\"452\" \/>\n<input type=\"hidden\" name=\"_wpcf7_version\" value=\"5.9.8\" \/>\n<input type=\"hidden\" name=\"_wpcf7_locale\" value=\"en_US\" \/>\n<input type=\"hidden\" name=\"_wpcf7_unit_tag\" value=\"wpcf7-f452-o1\" \/>\n<input type=\"hidden\" name=\"_wpcf7_container_post\" value=\"0\" \/>\n<input type=\"hidden\" name=\"_wpcf7_posted_data_hash\" value=\"\" \/>\n<\/div>\n<div class=\"col-sm-5 noleftpadding\">\n\t<p><span class=\"wpcf7-form-control-wrap\" data-name=\"your-name\"><input size=\"40\" maxlength=\"400\" class=\"wpcf7-form-control wpcf7-text wpcf7-validates-as-required\" aria-required=\"true\" aria-invalid=\"false\" placeholder=\"ADINIZ*\" value=\"\" type=\"text\" name=\"your-name\" \/><\/span>\n\t<\/p>\n\t<p><span class=\"wpcf7-form-control-wrap\" data-name=\"your-subject\"><input size=\"40\" maxlength=\"400\" class=\"wpcf7-form-control wpcf7-text\" aria-invalid=\"false\" placeholder=\"KONU*\" value=\"\" type=\"text\" name=\"your-subject\" \/><\/span>\n\t<\/p>\n\t<p><span class=\"wpcf7-form-control-wrap\" data-name=\"your-email\"><input size=\"40\" maxlength=\"400\" class=\"wpcf7-form-control wpcf7-email wpcf7-validates-as-required wpcf7-text wpcf7-validates-as-email\" aria-required=\"true\" aria-invalid=\"false\" placeholder=\"E-MA\u0130L*\" value=\"\" type=\"email\" name=\"your-email\" \/><\/span>\n\t<\/p>\n<\/div>\n<div class=\"col-sm-7 norightpadding\">\n\t<p><span class=\"wpcf7-form-control-wrap\" data-name=\"your-message\"><textarea cols=\"25\" rows=\"3\" maxlength=\"2000\" class=\"wpcf7-form-control wpcf7-textarea\" aria-invalid=\"false\" placeholder=\"MESAJINIZ*\" name=\"your-message\"><\/textarea><\/span>\n\t<\/p>\n\t<p><input class=\"wpcf7-form-control wpcf7-submit has-spinner\" type=\"submit\" value=\"MESAJI G\u00d6NDER\" \/>\n\t<\/p>\n<\/div><div class=\"wpcf7-response-output\" aria-hidden=\"true\"><\/div>\n<\/form>\n<\/div>\n[\/vc_column][\/vc_row]<\/p>\n<\/div>","protected":false},"excerpt":{"rendered":"<p>[vc_row css=&#8221;.vc_custom_1554987094610{margin-top: 30px !important;padding-bottom: 20px !important;}&#8221;][vc_column width=&#8221;1\/2&#8243;][vc_empty_space height=&#8221;15px&#8221;][vc_column_text css_animation=&#8221;fadeInLeft&#8221;] Uzm. Dr. \u0130smet KAYGISIZ Adres: KocaSinan Mahallesi Muammer Aksoy Caddesi T.C. Ziraat Bankas\u0131 Lojmanlar\u0131 F Blok No:25 Daire: 2 Merkez\/ED\u0130RNE (Onur Market Yan\u0131) Tel: +90 552 661 31 22 E-Mail: kaygisizismet59@gmail.com&#8230;<\/p>\n","protected":false},"author":1,"featured_media":0,"parent":0,"menu_order":0,"comment_status":"open","ping_status":"open","template":"","meta":{"footnotes":""},"class_list":["post-15","page","type-page","status-publish","hentry"],"_links":{"self":[{"href":"https:\/\/www.ismetkaygisiz.com\/index.php?rest_route=\/wp\/v2\/pages\/15"}],"collection":[{"href":"https:\/\/www.ismetkaygisiz.com\/index.php?rest_route=\/wp\/v2\/pages"}],"about":[{"href":"https:\/\/www.ismetkaygisiz.com\/index.php?rest_route=\/wp\/v2\/types\/page"}],"author":[{"embeddable":true,"href":"https:\/\/www.ismetkaygisiz.com\/index.php?rest_route=\/wp\/v2\/users\/1"}],"replies":[{"embeddable":true,"href":"https:\/\/www.ismetkaygisiz.com\/index.php?rest_route=%2Fwp%2Fv2%2Fcomments&post=15"}],"version-history":[{"count":26,"href":"https:\/\/www.ismetkaygisiz.com\/index.php?rest_route=\/wp\/v2\/pages\/15\/revisions"}],"predecessor-version":[{"id":1133,"href":"https:\/\/www.ismetkaygisiz.com\/index.php?rest_route=\/wp\/v2\/pages\/15\/revisions\/1133"}],"wp:attachment":[{"href":"https:\/\/www.ismetkaygisiz.com\/index.php?rest_route=%2Fwp%2Fv2%2Fmedia&parent=15"}],"curies":[{"name":"wp","href":"https:\/\/api.w.org\/{rel}","templated":true}]}}