{"id":817,"date":"2021-06-09T00:43:32","date_gmt":"2021-06-08T21:43:32","guid":{"rendered":"http:\/\/www.ismetkaygisiz.com\/?page_id=817"},"modified":"2021-06-13T18:05:20","modified_gmt":"2021-06-13T15:05:20","slug":"hizmetlerimiz","status":"publish","type":"page","link":"https:\/\/www.ismetkaygisiz.com\/?page_id=817","title":{"rendered":"H\u0130ZMETLER\u0130M\u0130Z"},"content":{"rendered":"<div class=\"wpb-content-wrapper\"><p>[vc_row css=&#8221;.vc_custom_1623275964712{margin-bottom: 40px !important;}&#8221;][vc_column width=&#8221;1\/3&#8243;][vc_hoverbox image=&#8221;841&#8243; primary_title=&#8221;&#8221; hover_title=&#8221;Muayene ve De\u011ferlendirme&#8221; hover_btn_title=&#8221;\u0130NCELE&#8221; hover_btn_color=&#8221;blue&#8221; hover_add_button=&#8221;true&#8221; hover_btn_link=&#8221;url:http%3A%2F%2Fwww.ismetkaygisiz.com%2F%3Fpage_id%3D949&#8243;][\/vc_hoverbox][\/vc_column][vc_column width=&#8221;1\/3&#8243;][vc_hoverbox image=&#8221;839&#8243; primary_title=&#8221;&#8221; hover_title=&#8221;Cinsel Terapiler&#8221; hover_btn_title=&#8221;\u0130NCELE&#8221; hover_btn_color=&#8221;blue&#8221; hover_add_button=&#8221;true&#8221; hover_btn_link=&#8221;url:http%3A%2F%2Fwww.ismetkaygisiz.com%2F%3Fpage_id%3D968&#8243;][\/vc_hoverbox][\/vc_column][vc_column width=&#8221;1\/3&#8243;][vc_hoverbox image=&#8221;846&#8243; primary_title=&#8221;&#8221; hover_title=&#8221;Aile\/\u00c7ift\/\u0130li\u015fki Terapileri&#8221; hover_btn_title=&#8221;\u0130NCELE&#8221; hover_btn_color=&#8221;blue&#8221; hover_add_button=&#8221;true&#8221; hover_btn_link=&#8221;url:http%3A%2F%2Fwww.ismetkaygisiz.com%2F%3Fpage_id%3D943&#8243;][\/vc_hoverbox][\/vc_column][\/vc_row][vc_row][vc_column width=&#8221;1\/3&#8243;][vc_hoverbox image=&#8221;842&#8243; primary_title=&#8221;&#8221; hover_title=&#8221;Bireysel Psikoterapiler&#8221; hover_btn_title=&#8221;\u0130NCELE&#8221; hover_btn_color=&#8221;blue&#8221; hover_add_button=&#8221;true&#8221; hover_btn_link=&#8221;url:http%3A%2F%2Fwww.ismetkaygisiz.com%2F%3Fpage_id%3D955&#8243;][\/vc_hoverbox][\/vc_column][vc_column width=&#8221;1\/3&#8243;][vc_hoverbox image=&#8221;844&#8243; primary_title=&#8221;&#8221; hover_title=&#8221;Farmakoterapi (\u0130la\u00e7 Tedavisi)&#8221; hover_btn_title=&#8221;\u0130NCELE&#8221; hover_btn_color=&#8221;blue&#8221; hover_add_button=&#8221;true&#8221; hover_btn_link=&#8221;url:http%3A%2F%2Fwww.ismetkaygisiz.com%2F%3Fpage_id%3D963&#8243;][\/vc_hoverbox][\/vc_column][vc_column width=&#8221;1\/3&#8243;][vc_hoverbox image=&#8221;845&#8243; primary_title=&#8221;&#8221; hover_title=&#8221;Online De\u011ferlendirme ve Terapi&#8221; hover_btn_title=&#8221;\u0130NCELE&#8221; hover_btn_color=&#8221;blue&#8221; hover_add_button=&#8221;true&#8221; hover_btn_link=&#8221;url:http%3A%2F%2Fwww.ismetkaygisiz.com%2F%3Fpage_id%3D1015&#8243;][\/vc_hoverbox][\/vc_column][\/vc_row]<\/p>\n<\/div>","protected":false},"excerpt":{"rendered":"<p>[vc_row css=&#8221;.vc_custom_1623275964712{margin-bottom: 40px !important;}&#8221;][vc_column width=&#8221;1\/3&#8243;][vc_hoverbox image=&#8221;841&#8243; primary_title=&#8221;&#8221; hover_title=&#8221;Muayene ve De\u011ferlendirme&#8221; hover_btn_title=&#8221;\u0130NCELE&#8221; hover_btn_color=&#8221;blue&#8221; hover_add_button=&#8221;true&#8221; hover_btn_link=&#8221;url:http%3A%2F%2Fwww.ismetkaygisiz.com%2F%3Fpage_id%3D949&#8243;][\/vc_hoverbox][\/vc_column][vc_column width=&#8221;1\/3&#8243;][vc_hoverbox image=&#8221;839&#8243; primary_title=&#8221;&#8221; hover_title=&#8221;Cinsel Terapiler&#8221; hover_btn_title=&#8221;\u0130NCELE&#8221; hover_btn_color=&#8221;blue&#8221; hover_add_button=&#8221;true&#8221; hover_btn_link=&#8221;url:http%3A%2F%2Fwww.ismetkaygisiz.com%2F%3Fpage_id%3D968&#8243;][\/vc_hoverbox][\/vc_column][vc_column width=&#8221;1\/3&#8243;][vc_hoverbox image=&#8221;846&#8243; primary_title=&#8221;&#8221; hover_title=&#8221;Aile\/\u00c7ift\/\u0130li\u015fki Terapileri&#8221; hover_btn_title=&#8221;\u0130NCELE&#8221; hover_btn_color=&#8221;blue&#8221; hover_add_button=&#8221;true&#8221; hover_btn_link=&#8221;url:http%3A%2F%2Fwww.ismetkaygisiz.com%2F%3Fpage_id%3D943&#8243;][\/vc_hoverbox][\/vc_column][\/vc_row][vc_row][vc_column width=&#8221;1\/3&#8243;][vc_hoverbox image=&#8221;842&#8243; primary_title=&#8221;&#8221; hover_title=&#8221;Bireysel Psikoterapiler&#8221; hover_btn_title=&#8221;\u0130NCELE&#8221; hover_btn_color=&#8221;blue&#8221; hover_add_button=&#8221;true&#8221;&#8230;<\/p>\n","protected":false},"author":1,"featured_media":0,"parent":0,"menu_order":0,"comment_status":"closed","ping_status":"closed","template":"","meta":{"footnotes":""},"class_list":["post-817","page","type-page","status-publish","hentry"],"_links":{"self":[{"href":"https:\/\/www.ismetkaygisiz.com\/index.php?rest_route=\/wp\/v2\/pages\/817"}],"collection":[{"href":"https:\/\/www.ismetkaygisiz.com\/index.php?rest_route=\/wp\/v2\/pages"}],"about":[{"href":"https:\/\/www.ismetkaygisiz.com\/index.php?rest_route=\/wp\/v2\/types\/page"}],"author":[{"embeddable":true,"href":"https:\/\/www.ismetkaygisiz.com\/index.php?rest_route=\/wp\/v2\/users\/1"}],"replies":[{"embeddable":true,"href":"https:\/\/www.ismetkaygisiz.com\/index.php?rest_route=%2Fwp%2Fv2%2Fcomments&post=817"}],"version-history":[{"count":34,"href":"https:\/\/www.ismetkaygisiz.com\/index.php?rest_route=\/wp\/v2\/pages\/817\/revisions"}],"predecessor-version":[{"id":1055,"href":"https:\/\/www.ismetkaygisiz.com\/index.php?rest_route=\/wp\/v2\/pages\/817\/revisions\/1055"}],"wp:attachment":[{"href":"https:\/\/www.ismetkaygisiz.com\/index.php?rest_route=%2Fwp%2Fv2%2Fmedia&parent=817"}],"curies":[{"name":"wp","href":"https:\/\/api.w.org\/{rel}","templated":true}]}}