{"id":968,"date":"2021-06-10T01:38:36","date_gmt":"2021-06-09T22:38:36","guid":{"rendered":"http:\/\/www.ismetkaygisiz.com\/?page_id=968"},"modified":"2021-06-15T14:01:50","modified_gmt":"2021-06-15T11:01:50","slug":"cinsel-terapiler","status":"publish","type":"page","link":"https:\/\/www.ismetkaygisiz.com\/?page_id=968","title":{"rendered":"Cinsel Terapiler"},"content":{"rendered":"<div class=\"wpb-content-wrapper\"><p>[vc_row][vc_column][vc_single_image image=&#8221;839&#8243; img_size=&#8221;full&#8221; alignment=&#8221;center&#8221;][vc_column_text]<\/p>\n<h1 style=\"text-align: center;\" align=\"justify\"><span style=\"color: #0000ff;\"><strong>Cinsel Terapi<\/strong><\/span><\/h1>\n<p style=\"text-align: center;\">Cinsel terapinin tedavi etti\u011fi cinsel i\u015flev bozukluklar\u0131: vajinismus, erken bo\u015falma, sertle\u015fme bozuklu\u011fu, kad\u0131n ve erkekte cinsel i\u015flev bozuklu\u011fu, kad\u0131nda uyar\u0131lma bozuklu\u011fu, kad\u0131n ve erkekte orgazm bozuklu\u011fudur. \u00dclkemizde ya\u015fanan cinsel sorunlara g\u00f6z att\u0131\u011f\u0131m\u0131zda, cinsel e\u011fitimsizlikten kaynaklanan sorunlar, cinsel bilgi eksikli\u011fi, cinsel deneyimin yetersiz olmas\u0131, cinsellikle ilgili yanl\u0131\u015f inan\u0131\u015flar, yeti\u015ftirili\u015f bi\u00e7imi nedeniyle sa\u011fl\u0131kl\u0131 bir bedene ve psikolojik yap\u0131ya sah\u015fp bireylerde ya da \u00e7iftlerde de cinsel sorunlar s\u0131k g\u00f6r\u00fclmekte ve bunlar da terapi ve dan\u0131\u015fmanl\u0131k ile tedavi edilmektedir.<\/p>\n<p>Kaynak: CETAD[\/vc_column_text][\/vc_column][\/vc_row]<\/p>\n<\/div>","protected":false},"excerpt":{"rendered":"<p>[vc_row][vc_column][vc_single_image image=&#8221;839&#8243; img_size=&#8221;full&#8221; alignment=&#8221;center&#8221;][vc_column_text] Cinsel Terapi Cinsel terapinin tedavi etti\u011fi cinsel i\u015flev bozukluklar\u0131: vajinismus, erken bo\u015falma, sertle\u015fme bozuklu\u011fu, kad\u0131n ve erkekte cinsel i\u015flev bozuklu\u011fu, kad\u0131nda uyar\u0131lma bozuklu\u011fu, kad\u0131n ve erkekte orgazm bozuklu\u011fudur. \u00dclkemizde ya\u015fanan cinsel sorunlara g\u00f6z att\u0131\u011f\u0131m\u0131zda, cinsel e\u011fitimsizlikten&#8230;<\/p>\n","protected":false},"author":1,"featured_media":0,"parent":0,"menu_order":0,"comment_status":"closed","ping_status":"closed","template":"","meta":{"footnotes":""},"class_list":["post-968","page","type-page","status-publish","hentry"],"_links":{"self":[{"href":"https:\/\/www.ismetkaygisiz.com\/index.php?rest_route=\/wp\/v2\/pages\/968"}],"collection":[{"href":"https:\/\/www.ismetkaygisiz.com\/index.php?rest_route=\/wp\/v2\/pages"}],"about":[{"href":"https:\/\/www.ismetkaygisiz.com\/index.php?rest_route=\/wp\/v2\/types\/page"}],"author":[{"embeddable":true,"href":"https:\/\/www.ismetkaygisiz.com\/index.php?rest_route=\/wp\/v2\/users\/1"}],"replies":[{"embeddable":true,"href":"https:\/\/www.ismetkaygisiz.com\/index.php?rest_route=%2Fwp%2Fv2%2Fcomments&post=968"}],"version-history":[{"count":7,"href":"https:\/\/www.ismetkaygisiz.com\/index.php?rest_route=\/wp\/v2\/pages\/968\/revisions"}],"predecessor-version":[{"id":1082,"href":"https:\/\/www.ismetkaygisiz.com\/index.php?rest_route=\/wp\/v2\/pages\/968\/revisions\/1082"}],"wp:attachment":[{"href":"https:\/\/www.ismetkaygisiz.com\/index.php?rest_route=%2Fwp%2Fv2%2Fmedia&parent=968"}],"curies":[{"name":"wp","href":"https:\/\/api.w.org\/{rel}","templated":true}]}}